{"id":1095,"date":"2025-04-28T19:12:56","date_gmt":"2025-04-28T19:12:56","guid":{"rendered":"https:\/\/abwesenheitsnotizen.at\/?page_id=1095"},"modified":"2026-04-07T18:12:31","modified_gmt":"2026-04-07T18:12:31","slug":"blog","status":"publish","type":"page","link":"https:\/\/abwesenheitsnotizen.at\/?page_id=1095","title":{"rendered":"blog"},"content":{"rendered":"\n<p><\/p>\n\n\n\n<p><\/p>\n\n\n\n<p class=\"has-small-font-size\"><strong>07\/04\/2026<\/strong><br>manchmal, wenn ich verk\u00fchlt bin, jucken meine ohren.<\/p>\n\n\n\n<p class=\"has-small-font-size\"><strong>10\/03\/2026<br><\/strong>\u00fcber gespenster, die wasser trinken<\/p>\n\n\n\n<p class=\"has-small-font-size\"><strong>15\/09\/2025<\/strong><br>ich werde eine d\u00fcne <\/p>\n\n\n\n<p class=\"has-small-font-size\"><strong>13\/05\/2025<\/strong><br>in den texten. semi deep dives. risse. und dann? ich f\u00fchle mich seltsam (oft). das ist kein gef\u00fchl. war es eine gute entscheidung social media (instagram\/facebook) zu l\u00f6schen. wie oft mache ich mich selbst unsichtbar. war es <em>eine<\/em> entscheidung. als h\u00e4tten wir noch m\u00f6glichkeiten.<\/p>\n\n\n\n<figure class=\"wp-block-image size-full\"><img loading=\"lazy\" decoding=\"async\" width=\"640\" height=\"640\" src=\"https:\/\/abwesenheitsnotizen.at\/wp-content\/uploads\/2025\/05\/photo_2025-05-13-12.17.02.jpeg\" alt=\"\" class=\"wp-image-1118\" srcset=\"https:\/\/abwesenheitsnotizen.at\/wp-content\/uploads\/2025\/05\/photo_2025-05-13-12.17.02.jpeg 640w, https:\/\/abwesenheitsnotizen.at\/wp-content\/uploads\/2025\/05\/photo_2025-05-13-12.17.02-300x300.jpeg 300w, https:\/\/abwesenheitsnotizen.at\/wp-content\/uploads\/2025\/05\/photo_2025-05-13-12.17.02-150x150.jpeg 150w\" sizes=\"auto, (max-width: 640px) 100vw, 640px\" \/><\/figure>\n\n\n\n<p class=\"has-small-font-size\"><em>Julia Kna\u00df, Alexanderplatz, U-Bahn-Station, 2025. Fotografiert von Nadine Nebel.<\/em><\/p>\n\n\n\n<p class=\"has-small-font-size\"><strong>06\/05\/25<\/strong><br>drei verschiedene formen von haargummis, einmal samt, zwei mal plastik. das sollte <em>nicht<\/em> die realit\u00e4t sein. ich denke an die farben und an den druck. <\/p>\n\n\n\n<p class=\"has-small-font-size\"><strong>03\/05\/25<\/strong><br>im haus gegen\u00fcber sitzt jeden tag jmd in 1 fenster und schreibt in 1 bildschirm. das fenster im nebenraum ist mit einer decke verdeckt. ich verstehe pflanzen nicht. ich rufe niemanden an. mein handy liegt nicht neben mir. aus 1 wohnung, evtl nebenan, t\u00f6nt 1 bass. ich hoffe es h\u00f6rt bald auf. wie ich heute in die wohnung gekommen bin, war die garderobe zu leer. so als h\u00e4tte jemand kleidungsst\u00fccke wegger\u00e4umt. wenn man alleine wohnt, schleicht sich eine unheimlichkeit in den alltag.<\/p>\n\n\n\n<p class=\"has-small-font-size\"><strong>02\/05\/25<\/strong><br>am anfang des loops habe ich wenig zugriff auf <em>meine<\/em> <em>erinnerung<\/em>. aber ich bin dennoch nicht dieselbe figur wie beim ersten mal, ich gehe mit dem wissen der vorherigen loops in den neuen. ich habe also wenig zugriff und es gibt w\u00f6rter, handlungen, die ich setzen kann um den zugriff herzustellen. und dann kann ich in gespr\u00e4che gehen, f\u00fcr eine zeitlang, und dann wird es zu viel und ich vergesse und tauche wieder unter (das ist das ende des loops). die geschwindigkeit des loops hat sich ver\u00e4ndert, weil es leichter ist als beim ersten mal die erinnerungen wieder her zu stellen. dadurch ist das sprechen koh\u00e4renter m\u00f6glich. was die rezeption ver\u00e4ndert hat (bemerke ich). und die figuren sind ja nicht verschwunden. es ist davon auszugehen, dass ich andere figuren, die zwar im loop sind, nicht vom vergessen betroffen sind. also noch wissen was ich im letzten und vorletzten loop gesagt habe. <br>am dienstagabend schlug mein herz zu schnell und ich konnte nicht einschlafen. die decke ist hier sehr nahe, ich wei\u00df nicht, ob das gut ist. wenn jmd die treppe nach oben geht, h\u00f6rt es sich an wie ein gewitter\/donner. ich wei\u00df nicht, ob es f\u00fcr mich eine m\u00f6glichkeit gibt, den loop zu beenden. und ob das bedeuten w\u00fcrde in der erinnerung zu bleiben oder ob das bedeuten w\u00fcrde im vergessen zu bleiben oder ob es etwas g\u00e4nzlich anderes bedeuten w\u00fcrde. ich w\u00fcrde es gerne wissen. <\/p>\n\n\n\n<p class=\"has-small-font-size\"><strong>01\/05\/25<br><\/strong>siebdruck (!), das berlin sehr gr\u00fcn ist (warum sagen wir das so, etwas ist sehr gr\u00fcn?), habe gelesen und <em>luckiest. girl. alive<\/em> nochmal angesehen.<br>w\u00e4hrend ich laufen war, durch den park ist mir klar geworden, dass der <em>loop<\/em> sich von vorne gestartet hat. also nicht heute, am 20. april, abends. da konnte ich nicht schlafen und habe dann um mitternacht, also war es eigentlich der 21. april jmd angerufen. und dann die gespr\u00e4che und dass ich diese woche einmal nicht schlafen konnte. w\u00e4hrend ich das schreibe denke ich, ob ich das so \u00f6ffentlich schreiben kann, ist klar, dass hier ist autofiktional. also es ist fiktional wenn ich schreibe: <em>der loop<\/em>. der loop ist ein bild f\u00fcr etwas anderes, das ich gefunden habe. aber ich glaube nat\u00fcrlich nicht, ich w\u00e4re in einem loop. ist das klar, dass das fiktional ist und dass es mir darum geht, eine neue form zu finden und diese form vielleicht der loop ist. und das es das ist was ich mit w\u00f6rtern mache, also mein handwerk: text. ist das klar. (immer diese angst davor, dass mir inkoh\u00e4renz vorgeworfen wird. weil das erz\u00e4hlen, also das erz\u00e4hlen und in character zu bleiben, genau dieses erz\u00e4hlen geht in einem loop nicht. weil gewisse erinnerungen nicht zug\u00e4nglich sind und dann sind sie wieder zug\u00e4nglich, aber w\u00e4hrend sie es nicht sind, das verhalten der figur ooc ist. ist das klar.)<br>also ich will schreiben, der loop hat von vorne begonnen in der nacht vom 20. zum 21. april. als mir das klar wurde, habe ich geweint. <\/p>\n\n\n\n<p class=\"has-small-font-size\"><em><strong>28\/04\/25<br><\/strong><\/em>\u00fcber pflanzen nachgedacht, und \u00fcber das wasser, das sie brauchen. die einreichungen f\u00fcr april fertiggeschrieben (am 30. sind einige deadlines). angefangen <em>the red parts<\/em> &amp;  <em>the argonauts<\/em> nochmals zu lesen. die texte sind nicht mehr so nah als beim ersten lesen. die referenzen (<em>the red parts<\/em> beginnt mit einer auf p. handkes <em>wunschloses ungl\u00fcck<\/em>. das erscheint mir f\u00fcr einen text, der sich mit gewalt an frauen besch\u00e4ftigt, sehr ungl\u00fccklich gesetzt.) die idee f\u00fcr einen blog auf meiner webseite habe ich von m1 partnerperson <a href=\"https:\/\/annaneuwirth.wordpress.com\/blog\/\">anna<\/a> \u00fcbernommen, die das auch macht.<\/p>\n\n\n\n<p><\/p>\n","protected":false},"excerpt":{"rendered":"<p>07\/04\/2026manchmal, wenn ich verk\u00fchlt bin, jucken meine ohren. 10\/03\/2026\u00fcber gespenster, die wasser trinken 15\/09\/2025ich werde eine d\u00fcne 13\/05\/2025in den texten. semi deep dives. risse. und dann? ich f\u00fchle mich seltsam (oft). das ist kein gef\u00fchl. war es eine gute entscheidung social media (instagram\/facebook) zu l\u00f6schen. wie oft mache ich mich selbst unsichtbar. war es eine [&hellip;]<\/p>\n","protected":false},"author":1,"featured_media":0,"parent":0,"menu_order":0,"comment_status":"closed","ping_status":"closed","template":"","meta":{"footnotes":""},"class_list":["post-1095","page","type-page","status-publish","hentry"],"_links":{"self":[{"href":"https:\/\/abwesenheitsnotizen.at\/index.php?rest_route=\/wp\/v2\/pages\/1095","targetHints":{"allow":["GET"]}}],"collection":[{"href":"https:\/\/abwesenheitsnotizen.at\/index.php?rest_route=\/wp\/v2\/pages"}],"about":[{"href":"https:\/\/abwesenheitsnotizen.at\/index.php?rest_route=\/wp\/v2\/types\/page"}],"author":[{"embeddable":true,"href":"https:\/\/abwesenheitsnotizen.at\/index.php?rest_route=\/wp\/v2\/users\/1"}],"replies":[{"embeddable":true,"href":"https:\/\/abwesenheitsnotizen.at\/index.php?rest_route=%2Fwp%2Fv2%2Fcomments&post=1095"}],"version-history":[{"count":15,"href":"https:\/\/abwesenheitsnotizen.at\/index.php?rest_route=\/wp\/v2\/pages\/1095\/revisions"}],"predecessor-version":[{"id":1159,"href":"https:\/\/abwesenheitsnotizen.at\/index.php?rest_route=\/wp\/v2\/pages\/1095\/revisions\/1159"}],"wp:attachment":[{"href":"https:\/\/abwesenheitsnotizen.at\/index.php?rest_route=%2Fwp%2Fv2%2Fmedia&parent=1095"}],"curies":[{"name":"wp","href":"https:\/\/api.w.org\/{rel}","templated":true}]}}