{"id":22,"date":"2020-03-18T12:50:32","date_gmt":"2020-03-18T12:50:32","guid":{"rendered":"http:\/\/abwesenheitsnotizen.at\/?page_id=22"},"modified":"2025-03-27T18:38:14","modified_gmt":"2025-03-27T18:38:14","slug":"zur-person","status":"publish","type":"page","link":"https:\/\/abwesenheitsnotizen.at\/?page_id=22","title":{"rendered":"zur person \/ kontakt"},"content":{"rendered":"\n<p>Ju Kna\u00df. Schreibt meistens als <a href=\"http:\/\/julianna.at\" data-type=\"link\" data-id=\"julianna.at\">JULIANNA<\/a> mit <a href=\"http:\/\/annaneuwirth.wordpress.com\" data-type=\"link\" data-id=\"annaneuwirth.wordpress.com\">Anna Neuwirth<\/a> und auch f\u00fcr die <a href=\"https:\/\/diegelbetapete.com\/\" data-type=\"link\" data-id=\"gelbetapete.com\">GELBE TAPETE.<\/a> Mitgr\u00fcnderin des Literaturheftes <a href=\"http:\/\/www.mischen.at\">mischen<\/a>. Organisatorin der Unabh\u00e4ngigen Lesereihe <a href=\"http:\/\/zusammenlesen.mur.at\">zusammen lesen<\/a> (gemeinsam mit Klaus Stoertebeker). <\/p>\n\n\n\n<p>Textver\u00f6ffentlichungen in Literaturzeitschriften (<em>Lichtungen, Bella Triste <\/em>ua.) &amp; bei <em>Sukultur<\/em>. Arbeitsstipendium Bundesministeriums f\u00fcr Kunst, Kultur, \u00f6ffentlichen Dienst und Sport 2023 und 2024. Stipendium f\u00fcr innovative Schreibtechniken des Landes Stmk 2024. Outgoing Writer in Residence in <em>A Coru\u00f1a<\/em>&nbsp;(Spanien) 2024 (Kulturvermittlung Steiermark).<\/p>\n\n\n\n<p>Anfragen f\u00fcr Lesungen, Moderationen, Workshops etc.: <a href=\"mailto:julia@abwesenheitsnotizen.at\">julia@abwesenheitsnotizen.at<\/a><br><\/p>\n\n\n\n<p>&#8220;Everything blurry is me trying to escape touch&#8221; (Victoria Chang)<\/p>\n\n\n\n<figure class=\"wp-block-image size-large\"><img loading=\"lazy\" decoding=\"async\" width=\"683\" height=\"1024\" src=\"https:\/\/abwesenheitsnotizen.at\/wp-content\/uploads\/2022\/09\/DSCF7416-683x1024.jpg\" alt=\"\" class=\"wp-image-825\" srcset=\"https:\/\/abwesenheitsnotizen.at\/wp-content\/uploads\/2022\/09\/DSCF7416-683x1024.jpg 683w, https:\/\/abwesenheitsnotizen.at\/wp-content\/uploads\/2022\/09\/DSCF7416-200x300.jpg 200w, https:\/\/abwesenheitsnotizen.at\/wp-content\/uploads\/2022\/09\/DSCF7416-768x1152.jpg 768w, https:\/\/abwesenheitsnotizen.at\/wp-content\/uploads\/2022\/09\/DSCF7416-1024x1536.jpg 1024w, https:\/\/abwesenheitsnotizen.at\/wp-content\/uploads\/2022\/09\/DSCF7416-1365x2048.jpg 1365w, https:\/\/abwesenheitsnotizen.at\/wp-content\/uploads\/2022\/09\/DSCF7416-1320x1980.jpg 1320w, https:\/\/abwesenheitsnotizen.at\/wp-content\/uploads\/2022\/09\/DSCF7416-scaled.jpg 1707w\" sizes=\"auto, (max-width: 683px) 100vw, 683px\" \/><figcaption class=\"wp-element-caption\">Foto: (c) el menges<\/figcaption><\/figure>\n","protected":false},"excerpt":{"rendered":"<p>Ju Kna\u00df. Schreibt meistens als JULIANNA mit Anna Neuwirth und auch f\u00fcr die GELBE TAPETE. Mitgr\u00fcnderin des Literaturheftes mischen. Organisatorin der Unabh\u00e4ngigen Lesereihe zusammen lesen (gemeinsam mit Klaus Stoertebeker). Textver\u00f6ffentlichungen in Literaturzeitschriften (Lichtungen, Bella Triste ua.) &amp; bei Sukultur. Arbeitsstipendium Bundesministeriums f\u00fcr Kunst, Kultur, \u00f6ffentlichen Dienst und Sport 2023 und 2024. Stipendium f\u00fcr innovative Schreibtechniken [&hellip;]<\/p>\n","protected":false},"author":1,"featured_media":0,"parent":0,"menu_order":0,"comment_status":"closed","ping_status":"closed","template":"","meta":{"footnotes":""},"class_list":["post-22","page","type-page","status-publish","hentry"],"_links":{"self":[{"href":"https:\/\/abwesenheitsnotizen.at\/index.php?rest_route=\/wp\/v2\/pages\/22","targetHints":{"allow":["GET"]}}],"collection":[{"href":"https:\/\/abwesenheitsnotizen.at\/index.php?rest_route=\/wp\/v2\/pages"}],"about":[{"href":"https:\/\/abwesenheitsnotizen.at\/index.php?rest_route=\/wp\/v2\/types\/page"}],"author":[{"embeddable":true,"href":"https:\/\/abwesenheitsnotizen.at\/index.php?rest_route=\/wp\/v2\/users\/1"}],"replies":[{"embeddable":true,"href":"https:\/\/abwesenheitsnotizen.at\/index.php?rest_route=%2Fwp%2Fv2%2Fcomments&post=22"}],"version-history":[{"count":42,"href":"https:\/\/abwesenheitsnotizen.at\/index.php?rest_route=\/wp\/v2\/pages\/22\/revisions"}],"predecessor-version":[{"id":1077,"href":"https:\/\/abwesenheitsnotizen.at\/index.php?rest_route=\/wp\/v2\/pages\/22\/revisions\/1077"}],"wp:attachment":[{"href":"https:\/\/abwesenheitsnotizen.at\/index.php?rest_route=%2Fwp%2Fv2%2Fmedia&parent=22"}],"curies":[{"name":"wp","href":"https:\/\/api.w.org\/{rel}","templated":true}]}}