{"id":44,"date":"2020-03-18T13:21:07","date_gmt":"2020-03-18T13:21:07","guid":{"rendered":"http:\/\/abwesenheitsnotizen.at\/?page_id=44"},"modified":"2026-04-07T18:04:41","modified_gmt":"2026-04-07T18:04:41","slug":"44-2","status":"publish","type":"page","link":"https:\/\/abwesenheitsnotizen.at\/?page_id=44","title":{"rendered":"termine"},"content":{"rendered":"\n<p><a href=\"https:\/\/shortstorynight.de\/\"><\/a><\/p>\n\n\n\n<p class=\"has-medium-font-size\"><em>UPCOMING<\/em><br><\/p>\n\n\n\n<p class=\"has-medium-font-size\"><strong>zusammen lesen #15<\/strong>. Mit Mercedes Kornberger, Verena Kandler &amp; Yannis Pagger. Mittwoch, 8. April um 20 Uhr. Caf\u00e9 Wolf, Graz. Moderation: Julia Kna\u00df &amp; Klaus Stoertebeker.<\/p>\n\n\n\n<p class=\"has-medium-font-size\"><strong><a href=\"https:\/\/www.instagram.com\/literatur.famulus\/p\/DW0wUaGiMGm\/\">Literatur im Fenster 2.<\/a><\/strong>\u00a0Lesung von Julianna im Gespr\u00e4ch mit J\u00f6rg Piringer. 23. April 2026. 19.30 Uhr. o*books, Wien.<br><\/p>\n\n\n\n<p><\/p>\n\n\n\n<p class=\"has-large-font-size\"><em>PAST<\/em><\/p>\n\n\n\n<p><strong>Bl\u00e4ttern. Abschiesfest.<\/strong>\u00a0Julianna. 19.30 Uhr, Freitag, 13. M\u00e4rz 2026. Bl\u00e4ttern, Gartengasse 28, Graz.<\/p>\n\n\n\n<p><a href=\"https:\/\/perspektive.at\/do-19-03-26\/\" target=\"_blank\" rel=\"noreferrer noopener\"><strong>lesung aus perspektive #125<\/strong> <strong>mit vincent sauer<\/strong><\/a>. (Moderation). Donnerstag, 19. M\u00e4rz 2026. 13 Uhr, forum wortwelten, Halle 2, stand f606, Leipziger Buchmesse.<\/p>\n\n\n\n<p><strong>Lesung. Leselenz Teil 2:<\/strong>&nbsp;Als Julianna. (Mit Anna Neuwirth). HerbstLenz. 7. November 2025. Hausach.<\/p>\n\n\n\n<p><strong><a href=\"https:\/\/www.kultursommer.wien\/kalender#kalender\/slot\/1740168703139\">Holes, Glitches &amp; 1 Literatur.<\/a><\/strong> Mit Anna Neuwirth, Julia Kna\u00df &amp; Sarah Berger. 01. August 2025. 18.30 Uhr, Wilhelmsdorfer Park. Kultursommer. Wien.<\/p>\n\n\n\n<p><strong>Die gelbe Tapete. <\/strong>Lesung. Mit Julia Kna\u00df, Diana G\u00f6\u00dfler, Nadine Nebel, Avy Gdansk, Lisa Schantl. 19. Juni 2025. 19.00 Uhr, Bl\u00e4ttern, Gartengasse 28, Graz.<\/p>\n\n\n\n<p><a href=\"https:\/\/www.lettretage.de\/programm\/?event_id1=23665\"><strong>OPEN MOVED: treibend, vibrierend, widerst\u00e4ndig \u2013 K\u00f6rper und Text in der Postdigitalit\u00e4t<\/strong><\/a>. Lesung von Sarah Berger, Julia Kna\u00df, Christiana Frohmann &amp; Nadine Nebel. 8. Mai 2025. 19 Uhr. Lettretage, Berlin.<\/p>\n\n\n\n<p><strong>ver s treuen.<\/strong>&nbsp;zeitgen\u00f6ssische Lyrik zusammengestellt von mischen und perspektive. Mit Frieda Paris, Oswald Egger, Max Czollek &amp; Charlotte Werndt. Moderation: Julia Kna\u00df &amp; Stefan Schmitzer. 18. M\u00e4rz 2025. Caf\u00e9 Kaiserfeld, Graz.<\/p>\n\n\n\n<p><strong>Interurbane Servicestelle halb\u00f6ffentlicher Art zwischen Bild &amp; Text.<\/strong>&nbsp;Eine Kooperation von archipel (Salzburg) &amp; mischen (Graz). 14. Februar 2025 von 18 bis 20 Uhr, Caf\u00e9 Kork, Graz und Academy-Bar, Salzburg<strong>.<\/strong><\/p>\n\n\n\n<p><strong>Risodruck Einf\u00fchrung mit &#8220;Julia Knass&#8221; von der Literaturzeitschrift &#8220;mischen&#8221;.<\/strong> 30. J\u00e4nner 2025 von 10 bis 13 Uhr. Jugendkulturhaus Dynamo, Wasserwerkstrasse 21, 8006 Z\u00fcrich<\/p>\n\n\n\n<p><strong>Der Literaturbetrieb im Wandel:<\/strong> Junge deutschsprachige Literaturzeitschriften im Gespr\u00e4ch. 29. J\u00e4nner 2025 um 19.30 Uhr Literaturhaus Z\u00fcrich.<\/p>\n\n\n\n<p><\/p>\n\n\n\n<p class=\"has-medium-font-size\"><strong>2024<\/strong><\/p>\n\n\n\n<p><strong>Texte gegen Gewalt. <\/strong>Mit Erika Kronabitter, Lisa-Viktoria Niederberger. Julia Kna\u00df. Moderation: Barbara Rieger. Eine Veranstaltung der GAV Ober\u00f6sterreich. 8. Dezember um 11 Uhr. Sch\u00f6nau 8, Scharnstein.<\/p>\n\n\n\n<p><strong>Blumenmontag<\/strong>. (Mit Julianna, Natascha Gangl, Max Ovarin, Fritz Widhalm) 25. November 2024, Caf\u00e9 Stadtbahn. Wien.<\/p>\n\n\n\n<p><a href=\"https:\/\/kulturinitiative.at\/2024\/08\/13\/zimmer\/\"><strong>Ein Zimmer f\u00fcr mich allein. <\/strong><\/a>Julianna. Ausstellungsbeitrag. 15.11.2024 bis 13.12.2024. Kunst Raum Villach.<\/p>\n\n\n\n<p><a href=\"https:\/\/shortstorynight.de\/\"><strong>Short Story Night.<\/strong>&nbsp;<\/a>Jakob Nolte, Lana Lux, Gerrit Wustmann, Julianna &amp; Doris Konradi. 14. November 2024. Filmhaus K\u00f6ln.<\/p>\n\n\n\n<p><strong>Lesung &amp; Workshop<\/strong>. Biblioteca da EOL, Ferrol, Spanien. 14. Oktober 2024, 17 Uhr.<\/p>\n\n\n\n<p><a href=\"https:\/\/kulturinitiative.at\/2024\/08\/13\/zimmer\/\"><em><strong>Ein Zimmer f\u00fcr mich allein.<\/strong><\/em> <\/a>Julianna. Ausstellungsbeitrag. <strong>Dauer der Ausstellung:<\/strong>&nbsp;12. September bis 18. Oktober 2024. Am Steinfeld 8, Graz.<\/p>\n\n\n\n<p><strong><a href=\"https:\/\/www.literaturhaus-graz.at\/veranstaltung\/clemens-setz-liest-aus-das-all-im-eignen-fell-eine-kurze-geschichte-der-twitterpoesie\/\">Clemens Setz liest aus &#8220;Das All im eignen Fell: Eine kurze Geschichte der Twitterpoesie&#8221;.<\/a><\/strong> Literaturhaus Graz. 03.10.2024. 19 Uhr.<\/p>\n\n\n\n<p>Lesung beim Sommerfest des Container25. 30.08.2024. 19 Uhr. Container25, Wolfsberg.<\/p>\n\n\n\n<p><strong>archipel x rosa beige<\/strong>. Mit Julianna, Katharina Kiening und einem DJ-Set von triggered by noise. 26. Juli 2024. 19 Uhr, Ein Salon der F\u00fcnfzigzwanzig. Residenzplatz 10, Salzburg.<\/p>\n\n\n\n<p>GAV-Lesung. 04.Juli 2024. 20 Uhr, Theatercaf\u00e9 Graz.<\/p>\n\n\n\n<p>Performance im Rahmen des sterrrn-Festivals. 23. Juni 2024. Skulpturenpark, Graz.<\/p>\n\n\n\n<p><a href=\"https:\/\/www.brotfabrik-berlin.de\/events\/auf-bald-daddy-julianna-live\/?occurrence=2024-06-15\">Auf bald Daddy<\/a> \u2013 Julianna live! 15. Juni 2024. 19.30 Uhr. Brotfabrik, Berlin.<\/p>\n\n\n\n<p>SEHN SUCHT. Lesung mit Nadine Nebel, Anna Neuwirth &amp; Julia Kna\u00df. 12. Mai 2024. 17 Uhr. Galerie Schnitzler&amp;Lindsberger im Rahmen der Galerientage2024 Graz.<\/p>\n\n\n\n<p>Blume reimt sich auf Tiger. Lesung mit Iris Forstenlechner, Sarah Wipauer, Anna Neuwirth &amp; Julia Kna\u00df. 10. Mai 2024. 19 Uhr. Dezentral, Wien.<\/p>\n\n\n\n<p>process*in Pr\u00e4sentation. Diskussion mit Lisa H\u00f6llebauer, Evelyn Bubich &amp; Julia Kna\u00df. 10. Mai 2024. Im Rahmen der Kritischen Literaturtage. Brunnenpassage Wien.<\/p>\n\n\n\n<p><a href=\"https:\/\/forumstadtpark.at\/de\/programm\/fruehling-24\">Fr\u00fchling 24.<\/a> 4. April 2024. 19 Uhr. Forum Stadtpark, Graz.<\/p>\n\n\n\n<p>Hot Topic! Lesung. 23. M\u00e4rz 2024. 18.30 Uhr. Besser Leben, Holbeinstra\u00dfe 2, Leipzig.<\/p>\n\n\n\n<p><em><a href=\"https:\/\/parasitenpresse.wordpress.com\/lesungen\/\">Books &amp; Beers.<\/a><\/em>&nbsp;Verlagsabend der parasitenpresse. Gastverlag: SuKuLTuR. Mit Dara Brexendorf (Kiel), M\u00e1ty\u00e1s Dunajcsik (Berlin), Adrian Kasnitz (K\u00f6ln), Julia Kna\u00df\/Anna Neuwirth (Graz\/Wien), Anne Martin (Greifswald), Thomas Podhostnik (Leipzig) und Zara Zerbe (Kiel); Musik: Giuseppe Sciaratta (Leipzig); Moderation: Sebastian Brock, Adrian Kasnitz und Julia Kna\u00df. 22. M\u00e4rz 2024. 20 Uhr. Westfl\u00fcgel, H\u00e4hnelstr. 27, Leipzig.<\/p>\n\n\n\n<p>habe bewurzelte stecklinge meets Lichtungen. 15. Februar 2024. 19 Uhr. Forum Stadtpark Graz.<\/p>\n\n\n\n<p><a href=\"https:\/\/forumstadtpark.at\/de\/programm\/gunter-falk-symposium\">Performance im Rahmen des Symposiums <em>Gunter Falks<\/em> Lebens- und Werkspuren.<\/a> 31. J\u00e4nner 2024. Ab 14 Uhr. Forum Stadtpark Graz.<\/p>\n\n\n\n<p><a href=\"https:\/\/www.literaturhaus-graz.at\/veranstaltung\/neues-von-der-plattform\/\">Neues von der Plattform<\/a>. 29. J\u00e4nner 2024. 19 Uhr. Literaturhaus Graz.<\/p>\n\n\n\n<p><\/p>\n\n\n\n<p><strong>2023<\/strong><\/p>\n\n\n\n<p><a href=\"https:\/\/lcb.de\/programm\/von-sternen-umkleidekabinen-und-autofiktion\/\">Von Sternen, Umkleidekabinen und Autofiktionen.<\/a> Werkstattabschlusslesung. 12. Dezember 2023. 19.30 Uhr. Literarisches Colloquium Berlin.<\/p>\n\n\n\n<p><a href=\"https:\/\/www.literaturhaus-graz.at\/veranstaltung\/spekulationen-zukuenfte-des-schreibens\/\">Spekulationen. Zuk\u00fcnfte des Schreibens.<\/a> Gespr\u00e4ch mit Janika Gelinek, Din\u00e7er G\u00fc\u00e7yeter, Julia Kna\u00df und Fritz Ostermayer. Moderation: Klaus Kastberger. 11. Dezember 2023. 19 Uhr. Literaturhaus Graz.<\/p>\n\n\n\n<p>Risse im Zauberberg. 1. November 2023. 19 Uhr. Mit Anna Neuwirth, Christiane Quand, Isobel Markus und Julia Kna\u00df. Lettretage, Berlin.<\/p>\n\n\n\n<p><strong><a href=\"https:\/\/viennaartbookfair.com\/\">Vienna Art Book Fair #2<\/a>.&nbsp;<\/strong>20. bis 22. Oktober. dieAngewandte, Wien.<\/p>\n\n\n\n<p><strong>Lesung im Cafe Anno mit Anna Neuwirth, Martin Troger &amp; Julia Kna\u00df<\/strong>. 17. September 2023. 19 Uhr. Cafe Anno, Wien.<\/p>\n\n\n\n<p><a href=\"https:\/\/schaumbad.mur.at\/index.php\/event\/gif-grazer-impro-fest-30-08-2023\/\"><strong>Grazer Improfest 2023<\/strong><\/a><strong>.<\/strong>&nbsp;25. August bis 2. September 2023. Schaumbad \u2013 Freies Atelierhaus Graz.<\/p>\n\n\n\n<p><strong><a href=\"https:\/\/www.literaturhaus-graz.at\/zum-nachsehen-graz-raeume-der-literatur-aussichten-19-06-2023\/\">Lounge Gespr\u00e4che im Rahmen von 20 Jahre Literaturhaus Graz: Aussichten. <\/a><\/strong>Mit Lisa H\u00f6llebauer, Julia Kna\u00df, Kathrin Liess, Precious Nnebedum, Lisa Schantl. 19. Juni 2023. 19 Uhr. Literaturhaus Graz.<\/p>\n\n\n\n<p><strong><a href=\"https:\/\/forumstadtpark.at\/de\/programm\/fruhling-23\">23 Autor:innen lesen ihre Werke.<\/a><\/strong>  13. Juni 2023. 19 Uhr. Forum Stadtpark Graz.<\/p>\n\n\n\n<p><strong><a rel=\"noreferrer noopener\" href=\"https:\/\/www.clubhybrid.at\/programm\/?kw=125&amp;e=5535-0#kalender\" target=\"_blank\">Fehlerleben.<\/a><\/strong> Ein Kurzfilm mit Texten von Nadine Nebel, Michelle-Francine Ulz und Julia Kna\u00df. 25. Mai 2023. Club Hybrid. Graz.<\/p>\n\n\n\n<p><strong><a href=\"http:\/\/Neue kol\u00adlek\u00adti\u00adve Schreib\u00adfor\u00admen aus dem Herz\u00adst\u00fcck\u00adver\u00adlag. Lesung mit Julia Kna\u00df &amp; Anna Neu\u00adwirth\">Neue kollektive Schreibformen aus dem Herzst\u00fcckverlag.<\/a><\/strong> Lesung mit Anna Neuwirth &amp; Julia Kna\u00df. 5. April 2023. 19.30 Uhr, Brotfabrik, Berlin.<\/p>\n\n\n\n<p><strong>Anno Lesereihe.<\/strong> Mit Anna Neuwirth und Martin Troger. 29. J\u00e4nner 2023, Wien.<\/p>\n\n\n\n<p><strong><a href=\"https:\/\/www.literaturhausmattersburg.at\/programm\/2023\/literaturzeitschriften-im-gespraech-mit-raoul-eisele\/\">Literaturzeitschriften im Gespr\u00e4ch mit Raoul Eisele<\/a>.<\/strong> 17. J\u00e4nner 2023. Literaturhaus Mattersburg, Burgenland.<\/p>\n\n\n\n<p><strong><a href=\"https:\/\/schaumbad.mur.at\/index.php\/event\/what-remains-ausstellung\/\">What remains?<\/a> <\/strong>Ausstellungsbeitrag &#8216;mischen&#8217; im Schaumbad &#8211; Freies Atelierhaus Graz. 7.12.2022 bis 20. J\u00e4nner 2023.<\/p>\n\n\n\n<p><\/p>\n\n\n\n<p><strong>2022<\/strong><\/p>\n\n\n\n<p><strong>Litrobona &#8211; Lesereihe.<\/strong> 18. Oktober 2022. Literaturhaus Graz.<\/p>\n\n\n\n<p><strong>Literatur als Zeit.Schrift. mosaik &amp; mischen in der Alten Schmiede. <\/strong>Mit Lesungen von&nbsp;Katherina Braschel,&nbsp;Lisa Gollubich, Una Steiner und Sabine Sch\u00f6nfellner. Gespr\u00e4ch mit Felicitas Biller und Julia Kna\u00df. Donnerstag, 06. Oktober 2022, 19 Uhr. Alte Schmiede, Wien.<\/p>\n\n\n\n<p><strong><a href=\"https:\/\/sehrernste.com\">sehr ernste.<\/a><\/strong> Lesereihe. Mittwoch, 05. Oktober 2022, 19 Uhr. Theater Spektakel, Wien.<\/p>\n\n\n\n<p><strong><a href=\"https:\/\/www.lettretage.de\/programm\/?event_id1=15926\">Berlinclusive: Zwischen Konzept und Instantanem: Perspektiven digitaler Literatur. <\/a><\/strong>Samstag, 20.08. und Sonntag, 21.08.2022. Lettr\u00e9tage, Berlin.<\/p>\n\n\n\n<p><strong><a href=\"https:\/\/www.facebook.com\/events\/543338733934346\">process*in x mischen.<\/a><\/strong> Mittwoch, 20.07.2022. Lesung mit Anna Hengstberger, Katharina Peham, Diana G\u00f6\u00dfler und Julia Kna\u00df. caf\u00e9 mild, Graz.<\/p>\n\n\n\n<p><strong><a href=\"https:\/\/www.diewassersprechen.de\/das-projekt\">Die Wasser sprechen<\/a>.<\/strong> Eine Literaturinszenierung in der Hanse Werft L\u00fcbeck. 15. bis 19. Juni 2022.<\/p>\n\n\n\n<p><strong><a href=\"https:\/\/akte-mayroecker.at\/akte#day-19\">Zetteldasein<\/a><\/strong>. (Akte Mayr\u00f6cker:19). Installation mit Anna Maria Stadler, Martina Fladerer, Lukas Gwechenberger, Raoul Eisele, Raffael Hiden &amp; Julia Kna\u00df. 19. und 20.05.2022. Neues Leben, Salzburg.<\/p>\n\n\n\n<p><strong><a href=\"https:\/\/www.literaturhaus-graz.at\/veranstaltung\/finissage-grazer-poesieautomaten-2\/\">Finissage: Grazer Poesieautomaten<\/a><\/strong>. 03.02.2022. Literaturhaus Graz.<\/p>\n\n\n\n<p><\/p>\n\n\n\n<p><strong>2021<\/strong><\/p>\n\n\n\n<p><a href=\"https:\/\/www.museum-joanneum.at\/kioer\/projekte\/temporaere-projekte\/events\/event\/10425\/grazer-poesieautomaten\"><strong>Grazer Poesieautomaten. Eine lyrische Raumin(ter)vention von Matthias G\u00f6ritz<\/strong><\/a>. 28.05. bis 14.12.2021, Graz.<\/p>\n\n\n\n<p><a href=\"https:\/\/www.facebook.com\/events\/212045067671614?acontext=%7B%22event_action_history%22%3A[%7B%22surface%22%3A%22page%22%7D]%7D\"><strong>mischend suchen wir (Lesung mit Raffael Hiden &amp; Julia Kna\u00df)<\/strong>.<\/a> Freitag, 12. November 2021. 18 Uhr. New Deli, Graz.<\/p>\n\n\n\n<p><a href=\"https:\/\/www.steiermarkschau.at\/\"><strong>Verstehen, Verb\u00fcnden Verbreiten (Automat gef\u00fcllt mit drei verschiedenen Drucksorten, 2019\/2021<\/strong>)<\/a>. Ausstellungsobjekt des Druckkollektivs <em>Risograd <\/em>bei der Steiermark Schau: was sein wird. 10.04.2021-31.10.2021, Kunsthaus Graz.<\/p>\n\n\n\n<p><strong><a href=\"https:\/\/bibliothekimzentrumhome.files.wordpress.com\/2021\/06\/lesesommer_2021_bibliothek_im_zentrum.pdf\">Ju<\/a><\/strong><a href=\"https:\/\/bibliothekimzentrumhome.files.wordpress.com\/2021\/06\/lesesommer_2021_bibliothek_im_zentrum.pdf\"><strong>nge Lyrik<\/strong>.<\/a> Lesung mit Martin Troger, Anna Neuwirth, Julia Kna\u00df, Hamed Abboud und Siljarosa Schletterer. Mittwoch, 28. Juli 2021. Johannes von Nepomuk Platz, Wiener Neustadt.<\/p>\n\n\n\n<p><strong><a href=\"https:\/\/germanistik.uni-greifswald.de\/veranstaltungen\/kalenderdetailansicht\/n\/ich-bin-jetzt-1-gespenst-lesung-gespraech-mit-julia-knass-91391-1\/\">&#8220;ich bin jetzt 1 Gespenst &#8211; Gespr\u00e4ch &amp; Lesung mit Julia Kna\u00df&#8221;<\/a>. <\/strong>Mittwoch, 9. Juni. Universit\u00e4t Greifswald. (online)<\/p>\n\n\n\n<p><strong><a href=\"https:\/\/www.literaturhaus.at\/index.php?id=205&amp;L=438&amp;tx_ttnews%5Btt_news%5D=3175&amp;cHash=26db9163f65052e7fbf4574bdeac374a\">Politisch schreiben #6 &#8211; Heftpr\u00e4sentation<\/a><\/strong>. Dienstag, 8. Juni 2021. Literaturhaus Wien.<\/p>\n\n\n\n<p><strong><a href=\"https:\/\/www.supergau.org\/projekt\/das-gelbe-vom-gau\/\">Archipel Heftpr\u00e4sentation.<\/a> <\/strong>Lesung mit Cornell Entfellner und Julia Kna\u00df. Freitag, 21. Mai 2021 um 18 Uhr. Supergau Festival. Salzburg.<\/p>\n\n\n\n<p><strong><a href=\"https:\/\/unser-ebertplatz.koeln\/transit-literatur-am-ebertplatz\/\">TRANSIT &#8211; Vor\u00fcbergehende Literatur am Ebertsplatz.<\/a><\/strong> Kunst im \u00f6ffentlichen Raum. <a href=\"http:\/\/twitter.com\/deardoombot\">Doombottexte<\/a> (gemeinsam mit Thomas Hainscho). Ab Freitag, 9. April 2021 (f\u00fcr 5 Wochen), K\u00f6ln, Ebertplatz.<\/p>\n\n\n\n<p><strong><a href=\"https:\/\/www.facebook.com\/events\/125279792920262\">Famulus Lesereihe: Julia Kna\u00df, Florian Gantner, Harald J\u00f6llinger<\/a><\/strong>. Dienstag, 11. Mai 2021. Online.<\/p>\n\n\n\n<p><strong><a href=\"https:\/\/www.youtube.com\/watch?v=cb2BTPDLzWU\">Quick &amp; Dirty mit Nikolic.<\/a><\/strong> Organisiert von der ACC Galerie Weimar. Streamlesung auf Youtube. Lesung gemeinsam mit Anna Neuwirth aus &#8220;Ist das 1 Literatur&#8221;. Montag, 29. M\u00e4rz 2021 um 20 Uhr.<\/p>\n\n\n\n<p><strong><a href=\"https:\/\/www.hysteria.wtf\/exhibition\/iris-forstenlechner-julia-knass\">HYSTERIA<\/a><\/strong>. Ausstellung, online. Mit Iris Forstenlechner: Persephone giving Birth to her Underworld. M\u00e4rz 2021.<\/p>\n\n\n\n<p><a href=\"https:\/\/www.mischen.at\/wp-content\/uploads\/2021\/02\/gesammelte-arbeiten-2020-_-einladung-neu.jpg\"><strong>Called for Photography<\/strong><\/a>. The Smallest Gallery. Gesammelte Arbeiten 2020. Lyrisch umrahmt von mischen (Raffael Hiden &amp; Julia Kna\u00df). 3. M\u00e4rz bis 6. M\u00e4rz 2021, Forum Stadtpark. [Ausstellung, Teilnahme]<\/p>\n\n\n\n<p><\/p>\n\n\n\n<p><strong>2020<\/strong><\/p>\n\n\n\n<p><strong><a rel=\"noreferrer noopener\" href=\"https:\/\/de-de.facebook.com\/events\/911945229302875\/\" target=\"_blank\">Parkhouselesung<\/a>.<\/strong>&nbsp;Lesung mit Marie-Luise Lehner, Sebastian Brauneis, Sebastian Janata, Julia Kna\u00df &amp; Michelle-Francine Ulz. Freitag, 2. Oktober 2020, 18.00 Uhr, Parkhouse, Graz.<\/p>\n\n\n\n<p><a rel=\"noreferrer noopener\" href=\"https:\/\/www.facebook.com\/events\/forum-stadtpark\/perspektive-100101-wozu-noch-literatur\/1990337697765871\/\" target=\"_blank\"><strong>Podiumsdiskussion<\/strong><\/a>. perspektive 100|101 wozu (noch) literatur?. Samstag, 12. September, 19 Uhr, Forum Stadtpark, Graz. <\/p>\n\n\n\n<p><strong><a rel=\"noreferrer noopener\" href=\"https:\/\/www.facebook.com\/events\/214867989925628\" target=\"_blank\">Heftpr\u00e4sentation &#8216;mischen&#8217;<\/a><\/strong> im Rahmen der Kritischen Literaturtage mit Klaus Stoertebeker &amp; Julia Kna\u00df. Montag, 23. August, 17 Uhr, Labor f\u00fcr Alltagskulturen, Wien.<\/p>\n\n\n\n<p><strong><a rel=\"noreferrer noopener\" href=\"https:\/\/www.facebook.com\/events\/340391270306394\" target=\"_blank\">1 Literatur unter 1 Sternenhimmel<\/a>.<\/strong> Lesung mit Michelle-Francine Ulz, Klaus Stoertebeker &amp; Julia Kna\u00df. Freitag, 14. August 2020, 19.30 Uhr, SUB, Graz.<\/p>\n\n\n\n<p><strong><a href=\"http:\/\/abwesenheitsnotizen.at\/wp-content\/uploads\/2020\/03\/invite-saloon-5-scaled.jpg\">A Saloon on Words<\/a>.<\/strong> Ausstellung und Lesung mit Martin Jackson und Julia Kna\u00df. Live Rap Performance. Freitag, 6. M\u00e4rz 2020, 19 Uhr, Mittelgasse 26\/4, 1060 Wien. <\/p>\n\n\n\n<p><\/p>\n\n\n\n<p><strong>2019<\/strong><\/p>\n\n\n\n<p><a href=\"http:\/\/abwesenheitsnotizen.at\/wp-content\/uploads\/2020\/03\/andere-lieben-plakat.pdf\"><strong>Andere Lieben und Textgespenster<\/strong><\/a><strong>.<\/strong>&nbsp;Lesung mit Katharina Pressl, Sarah Wipauer und Julia Kna\u00df. Samstag, 7. Dezember, 19 Uhr, SSTR6, Sch\u00f6nbrunner Stra\u00dfe 6, Wien. <\/p>\n\n\n\n<p><strong><a href=\"http:\/\/abwesenheitsnotizen.at\/wp-content\/uploads\/2020\/03\/meine-liebe-nicht-ich.jpg\">Meine Liebe, nicht ich<\/a>.<\/strong> Lesung mit Michelle-Francine Ulz und Julia Kna\u00df: Mittwoch, 20. November 2019, 20 Uhr, Caf\u00e9 Wolf, Graz. <\/p>\n\n\n\n<p><strong><a href=\"http:\/\/abwesenheitsnotizen.at\/wp-content\/uploads\/2020\/03\/MISCHEN_plakat-september3.pdf\">Mischung 4\/2019<\/a>.<\/strong> Lesung mit Katharina Peham &amp; Julia Kna\u00df: 20. September 2019, 19 Uhr,&nbsp;<a href=\"http:\/\/dasguteleben-aussee.at\/\">Das gute Leben<\/a>, Meranplatz 36, 8990 Bad Aussee. <\/p>\n\n\n\n<p><br><\/p>\n\n\n\n<p><strong>2018<\/strong><br><br><strong><a rel=\"noreferrer noopener\" href=\"https:\/\/www.facebook.com\/stadtmacherwolfsberg\/photos\/gm.208615280062980\/2259418967436594\/?type=3&amp;theater\" target=\"_blank\">Lesung <\/a><\/strong>mit Christopher Poms, Michael Hatzenbichler &amp; Julia Kna\u00df. 19. Dezember 2018, 19 Uhr. StadtmacherInnen.Clubraum. Bambergerstra\u00dfe 3, Wolfsberg.<\/p>\n\n\n\n<p><strong><a href=\"https:\/\/container25.at\/veranstaltung\/457\/\">Lesung<\/a><\/strong> mit Julia Kna\u00df, Katharina Pressl &amp; Maksym Illijam. Container25. Sommerfest 2018, Wolfsberg.<\/p>\n\n\n\n<p><strong><a href=\"https:\/\/www.wuk.at\/kunsthalle-exnergasse\/kunsthalle-exnergasse-archiv\/2018\/4\/is-it-language-that-theyre-after-keiner-antwortete\/\">Is it language that they&#8217;re after?<\/a><\/strong> 23. Mai 2018, 16 Uhr, Kunsthalle Exnergasse, Wien.<\/p>\n","protected":false},"excerpt":{"rendered":"<p>UPCOMING zusammen lesen #15. Mit Mercedes Kornberger, Verena Kandler &amp; Yannis Pagger. Mittwoch, 8. April um 20 Uhr. Caf\u00e9 Wolf, Graz. Moderation: Julia Kna\u00df &amp; Klaus Stoertebeker. Literatur im Fenster 2.\u00a0Lesung von Julianna im Gespr\u00e4ch mit J\u00f6rg Piringer. 23. April 2026. 19.30 Uhr. o*books, Wien. PAST Bl\u00e4ttern. Abschiesfest.\u00a0Julianna. 19.30 Uhr, Freitag, 13. M\u00e4rz 2026. Bl\u00e4ttern, [&hellip;]<\/p>\n","protected":false},"author":1,"featured_media":0,"parent":0,"menu_order":0,"comment_status":"closed","ping_status":"closed","template":"","meta":{"footnotes":""},"class_list":["post-44","page","type-page","status-publish","hentry"],"_links":{"self":[{"href":"https:\/\/abwesenheitsnotizen.at\/index.php?rest_route=\/wp\/v2\/pages\/44","targetHints":{"allow":["GET"]}}],"collection":[{"href":"https:\/\/abwesenheitsnotizen.at\/index.php?rest_route=\/wp\/v2\/pages"}],"about":[{"href":"https:\/\/abwesenheitsnotizen.at\/index.php?rest_route=\/wp\/v2\/types\/page"}],"author":[{"embeddable":true,"href":"https:\/\/abwesenheitsnotizen.at\/index.php?rest_route=\/wp\/v2\/users\/1"}],"replies":[{"embeddable":true,"href":"https:\/\/abwesenheitsnotizen.at\/index.php?rest_route=%2Fwp%2Fv2%2Fcomments&post=44"}],"version-history":[{"count":118,"href":"https:\/\/abwesenheitsnotizen.at\/index.php?rest_route=\/wp\/v2\/pages\/44\/revisions"}],"predecessor-version":[{"id":1158,"href":"https:\/\/abwesenheitsnotizen.at\/index.php?rest_route=\/wp\/v2\/pages\/44\/revisions\/1158"}],"wp:attachment":[{"href":"https:\/\/abwesenheitsnotizen.at\/index.php?rest_route=%2Fwp%2Fv2%2Fmedia&parent=44"}],"curies":[{"name":"wp","href":"https:\/\/api.w.org\/{rel}","templated":true}]}}