{"id":639,"date":"2022-02-03T13:16:12","date_gmt":"2022-02-03T13:16:12","guid":{"rendered":"https:\/\/abwesenheitsnotizen.at\/?page_id=639"},"modified":"2024-10-08T22:04:58","modified_gmt":"2024-10-08T22:04:58","slug":"newsletter-2","status":"publish","type":"page","link":"https:\/\/abwesenheitsnotizen.at\/?page_id=639","title":{"rendered":"abwesenheitsnotizen"},"content":{"rendered":"\n<p>Die <em>abwesenheitsnotizen <\/em>erscheinen seit 2021 via Mail. Ich gebe einen Einblick in meine Textentw\u00fcrfe und teile Werke von K\u00fcnstler*innen, die f\u00fcr mein Schreiben wichtig sind. <\/p>\n\n\n\n<p>Da es sich um meine Textentw\u00fcrfe handelt, sind die <em>abwesenheitsnotizen<\/em> nur zug\u00e4nglich, wenn ihr euch f\u00fcr sie anmeldet:<\/p>\n\n\n\n<div id=\"mc_embed_shell\">\n      <link href=\"\/\/cdn-images.mailchimp.com\/embedcode\/classic-061523.css\" rel=\"stylesheet\" type=\"text\/css\">\n  <style type=\"text\/css\">\n        #mc_embed_signup{background:#fff; false;clear:left; font:14px Helvetica,Arial,sans-serif; width: 600px;}\n        \/* Add your own Mailchimp form style overrides in your site stylesheet or in this style block.\n           We recommend moving this block and the preceding CSS link to the HEAD of your HTML file. *\/\n<\/style>\n<div id=\"mc_embed_signup\">\n    <form action=\"https:\/\/abwesenheitsnotizen.us10.list-manage.com\/subscribe\/post?u=0fa68c72268abab4b0d0c6859&amp;id=5275398672&amp;f_id=00bfcce5f0\" method=\"post\" id=\"mc-embedded-subscribe-form\" name=\"mc-embedded-subscribe-form\" class=\"validate\" target=\"_blank\">\n        <div id=\"mc_embed_signup_scroll\"><h2 class=\"wp-block-heading\">Anmelden<\/h2>\n            <div class=\"indicates-required\"><span class=\"asterisk\">*<\/span> indicates required<\/div>\n            <div class=\"mc-field-group\"><label for=\"mce-FNAME\">Name <\/label><input type=\"text\" name=\"FNAME\" class=\" text\" id=\"mce-FNAME\" value=\"\"><\/div><div class=\"mc-field-group\"><label for=\"mce-EMAIL\">Email Address <span class=\"asterisk\">*<\/span><\/label><input type=\"email\" name=\"EMAIL\" class=\"required email\" id=\"mce-EMAIL\" value=\"\" required=\"\"><\/div>\n        <div id=\"mce-responses\" class=\"clearfalse\">\n            <div class=\"response\" id=\"mce-error-response\" style=\"display: none;\"><\/div>\n            <div class=\"response\" id=\"mce-success-response\" style=\"display: none;\"><\/div>\n        <\/div><div aria-hidden=\"true\" style=\"position: absolute; left: -5000px;\"><input type=\"text\" name=\"b_0fa68c72268abab4b0d0c6859_5275398672\" tabindex=\"-1\" value=\"\"><\/div><div class=\"clear\"><input type=\"submit\" name=\"subscribe\" id=\"mc-embedded-subscribe\" class=\"button\" value=\"Subscribe\"><\/div>\n    <\/div>\n<\/form>\n<\/div>\n<script type=\"text\/javascript\" src=\"\/\/s3.amazonaws.com\/downloads.mailchimp.com\/js\/mc-validate.js\"><\/script><script type=\"text\/javascript\">(function($) {window.fnames = new Array(); window.ftypes = new Array();fnames[1]=FNAME;ftypes[1]=merge;,fnames[0]=EMAIL;ftypes[0]=merge;,fnames[2]=LNAME;ftypes[2]=merge;false}(jQuery));var $mcj = jQuery.noConflict(true);<\/script><\/div>\n\n\n\n<p><\/p>\n","protected":false},"excerpt":{"rendered":"<p>Die abwesenheitsnotizen erscheinen seit 2021 via Mail. Ich gebe einen Einblick in meine Textentw\u00fcrfe und teile Werke von K\u00fcnstler*innen, die f\u00fcr mein Schreiben wichtig sind. Da es sich um meine Textentw\u00fcrfe handelt, sind die abwesenheitsnotizen nur zug\u00e4nglich, wenn ihr euch f\u00fcr sie anmeldet: Anmelden * indicates required Name Email Address *<\/p>\n","protected":false},"author":1,"featured_media":0,"parent":0,"menu_order":0,"comment_status":"closed","ping_status":"closed","template":"","meta":{"footnotes":""},"class_list":["post-639","page","type-page","status-publish","hentry"],"_links":{"self":[{"href":"https:\/\/abwesenheitsnotizen.at\/index.php?rest_route=\/wp\/v2\/pages\/639","targetHints":{"allow":["GET"]}}],"collection":[{"href":"https:\/\/abwesenheitsnotizen.at\/index.php?rest_route=\/wp\/v2\/pages"}],"about":[{"href":"https:\/\/abwesenheitsnotizen.at\/index.php?rest_route=\/wp\/v2\/types\/page"}],"author":[{"embeddable":true,"href":"https:\/\/abwesenheitsnotizen.at\/index.php?rest_route=\/wp\/v2\/users\/1"}],"replies":[{"embeddable":true,"href":"https:\/\/abwesenheitsnotizen.at\/index.php?rest_route=%2Fwp%2Fv2%2Fcomments&post=639"}],"version-history":[{"count":28,"href":"https:\/\/abwesenheitsnotizen.at\/index.php?rest_route=\/wp\/v2\/pages\/639\/revisions"}],"predecessor-version":[{"id":1025,"href":"https:\/\/abwesenheitsnotizen.at\/index.php?rest_route=\/wp\/v2\/pages\/639\/revisions\/1025"}],"wp:attachment":[{"href":"https:\/\/abwesenheitsnotizen.at\/index.php?rest_route=%2Fwp%2Fv2%2Fmedia&parent=639"}],"curies":[{"name":"wp","href":"https:\/\/api.w.org\/{rel}","templated":true}]}}